{"id":15416,"date":"2021-08-23T15:32:22","date_gmt":"2021-08-23T13:32:22","guid":{"rendered":"http:\/\/whysecurity.jspro.it\/?page_id=15416"},"modified":"2021-10-25T14:25:54","modified_gmt":"2021-10-25T12:25:54","slug":"risk-assessment","status":"publish","type":"page","link":"https:\/\/www.whysecurity.it\/it\/risk-assessment\/","title":{"rendered":"Risk Assessment"},"content":{"rendered":"<p>[vc_row full_width=&#8221;stretch_row&#8221; css_animation=&#8221;bounceInDown&#8221; gradient_colors=&#8221;%5B%7B%7D%5D&#8221; css=&#8221;.vc_custom_1529503216101{padding-top: 30px !important;padding-bottom: 80px !important;}&#8221;][vc_column][vc_custom_heading text=&#8221;Valutazione dei rischi economici provenienti dal rischio informatico.&#8221; font_container=&#8221;tag:h2|font_size:44px|text_align:center|color:%23000000&#8243; google_fonts=&#8221;font_family:Raleway%3A100%2C200%2C300%2Cregular%2C500%2C600%2C700%2C800%2C900|font_style:400%20regular%3A400%3Anormal&#8221;][common_title title=&#8221;&#8221; show_decor=&#8221;true&#8221;][vc_column_text css_animation=&#8221;fadeInRight&#8221;]Questo servizio \u00e8 stato studiato per poter offrire un\u2019<strong>analisi dei rischi economici<\/strong> derivante dai rischi informatici puntuale e basata su criteri oggettivi, correlato alle esigenze di sicurezza, continuit\u00e0 operativa e flessibilit\u00e0 idonea a gestire i processi di business.[\/vc_column_text][\/vc_column][\/vc_row][vc_row full_width=&#8221;stretch_row&#8221; equal_height=&#8221;yes&#8221; css_animation=&#8221;none&#8221; bgimage=&#8221;12054&#8243; bgstyle=&#8221;jarallax&#8221; ptextcolor=&#8221;White&#8221; gradient_colors=&#8221;%5B%7B%7D%5D&#8221; css=&#8221;.vc_custom_1585664322371{margin-left: -15px !important;padding-top: 60px !important;padding-bottom: 80px !important;background-color: #231e1f !important;}&#8221; el_class=&#8221;bianco&#8221;][vc_column][vc_custom_heading text=&#8221;Modello di riferimento&#8221; font_container=&#8221;tag:h2|font_size:44|text_align:center&#8221; google_fonts=&#8221;font_family:Raleway%3A100%2C200%2C300%2Cregular%2C500%2C600%2C700%2C800%2C900|font_style:400%20regular%3A400%3Anormal&#8221;][common_title title=&#8221;&#8221; show_decor=&#8221;true&#8221;][vc_row_inner equal_height=&#8221;yes&#8221; content_placement=&#8221;middle&#8221; gradient_colors=&#8221;%5B%7B%7D%5D&#8221; el_class=&#8221;equal-height-content&#8221; css=&#8221;.vc_custom_1630320949638{background-color: #231e1f !important;}&#8221;][vc_column_inner width=&#8221;5\/6&#8243;][vc_column_text css_animation=&#8221;fadeInLeft&#8221; css=&#8221;.vc_custom_1629726348901{padding-top: 20px !important;padding-right: 20px !important;padding-bottom: 20px !important;padding-left: 20px !important;}&#8221;]Il modello di riferimento utilizzato \u00e8 il <strong>Framework Nazionale dellaCyberSecurity e Data Protection versione 2.0<\/strong>, elaborato dal <strong>Centro di Ricerca di Cyber intelligence and Information Security dell\u2019Universit\u00e0 la Sapienza di Roma<\/strong> (in breve CIS Sapienza), in collaborazione con il Consorzio Interuniversitario Nazionale per l\u2019Informatica ed il supporto dell\u2019Autorit\u00e0 Garante per la Protezione dei Dati Personali e del Dipartimento delle Informazioni per la Sicurezza della Presidenza del Consiglio dei Ministri.<\/p>\n<p>Il modello prende ispirazione dal CyberSecurity Framework elaborato dal NIST(National Institute of Standards and Technology) degli Stati Uniti d\u2019America integrando anche una serie di controlli derivati dal Dlg.vo 101\/2018, che fa la sintesi degli obblighi normativi in materia di privacy e trattamento dei dati personali.[\/vc_column_text][\/vc_column_inner][vc_column_inner el_class=&#8221;industriaUno&#8221; width=&#8221;1\/6&#8243; css=&#8221;.vc_custom_1630412018118{padding-top: 30% !important;padding-bottom: 30% !important;}&#8221; offset=&#8221;vc_hidden-xs&#8221;][vc_single_image image=&#8221;12183&#8243; alignment=&#8221;right&#8221;][\/vc_column_inner][\/vc_row_inner][\/vc_column][\/vc_row][vc_row full_width=&#8221;stretch_row_content&#8221; gradient_colors=&#8221;%5B%7B%7D%5D&#8221;][vc_column gradient_colors=&#8221;%5B%7B%7D%5D&#8221;][vc_custom_heading text=&#8221;Modalit\u00e0 di erogazione del servizio&#8221; font_container=&#8221;tag:h2|font_size:44px|text_align:center&#8221; google_fonts=&#8221;font_family:Raleway%3A100%2C200%2C300%2Cregular%2C500%2C600%2C700%2C800%2C900|font_style:400%20regular%3A400%3Anormal&#8221;][common_title title=&#8221;&#8221; show_decor=&#8221;true&#8221;][business_tabs tab_id=&#8221;1528961806088-8&#8243;][business_tab title=&#8221;Prima fase&#8221; type=&#8221;pixcustom1&#8243; tab_id=&#8221;68229915-60c3-5&#8243;][vc_row_inner][vc_column_inner][vc_column_text css_animation=&#8221;fadeInLeft&#8221;]<\/p>\n<h3 style=\"text-align: left; font-size: 20px;\">Prima fase<\/h3>\n<p>Le attivit\u00e0 si svolgeranno sia presso la sede del cliente, che da remoto, utilizzando le moderne tecnologie di teleconferenza e videoconferenza.<\/p>\n<p>All\u2019interno delle attivit\u00e0 incluse nel perimetro della presente offerta, la scrivente invier\u00e0 presso la Vostra sede principale professionisti esperti di CyberSecurity con capacit\u00e0 di analisi funzionale e tecnica, al fine di poter determinare eventuali anomalie o \u201cgap\u201d tra il funzionamento della Vs. azienda e il funzionamento del Vs. sistema informatico. Nell\u2019erogazione del Servizio, verranno condotte due tipologie di analisi:<\/p>\n<ul>\n<li style=\"margin-bottom: 15px;\"><strong>Analisi funzionale:<\/strong> Verranno analizzati i processi aziendali che hanno incidenza sul trattamento di informazioni commerciali e tecniche che concorrono allo svolgimento dell\u2019attivit\u00e0 economica. Nel corso di questa fase, saranno intervistate persone con ruoli di responsabilit\u00e0 al fine di determinare il tipo di informazioni generate, utilizzate e le modalit\u00e0 di trattamento delle stesse, utilizzando i supporti informatici ad oggi disponibili. Sar\u00e0 richiesto al committente di fornire l\u2019elenco delle persone responsabili e di organizzarne la disponibilit\u00e0 per lo svolgimento di questo servizio.<\/li>\n<li><strong>Analisi tecnica:<\/strong> Verr\u00e0 richiesto l\u2019accesso in modalit\u00e0 \u201csola lettura\u201d a tutti i componenti del sistema informatico dell\u2019Azienda, ovvero verr\u00e0 chiesta la possibilit\u00e0 di ispezionare la configurazione dello stesso in tutte le sue parti. A titolo esemplificativo ma non esaustivo, verr\u00e0 effettuata l\u2019ispezione in loco della configurazione delle seguenti tipologie di apparato.<\/li>\n<\/ul>\n<p>[\/vc_column_text][\/vc_column_inner][\/vc_row_inner][\/business_tab][business_tab title=&#8221;Seconda fase&#8221; type=&#8221;pixcustom1&#8243; tab_id=&#8221;c5d31091-9346-10&#8243;][vc_row_inner][vc_column_inner][vc_column_text css_animation=&#8221;fadeInLeft&#8221;]<\/p>\n<h3 style=\"font-size: 20px;\">Seconda fase<\/h3>\n<p>WhySecurity srl preparer\u00e0 un <strong>report dettagliato<\/strong> di quanto emerso correlando quanto emerso al modello scelto, ovvero al Framework Nazionale per la CyberSecurity e la DataProtection, indicando minacce e <strong>valutando i rischi<\/strong> in relazione al contesto in cui opera il cliente.[\/vc_column_text][\/vc_column_inner][\/vc_row_inner][\/business_tab][\/business_tabs][\/vc_column][\/vc_row][vc_row][vc_column gradient_colors=&#8221;%5B%7B%7D%5D&#8221; offset=&#8221;vc_hidden-lg vc_hidden-md vc_hidden-sm vc_hidden-xs&#8221;][vc_custom_heading text=&#8221;Altre Soluzioni e Prodotti&#8221; font_container=&#8221;tag:h2|font_size:44px|text_align:center&#8221; google_fonts=&#8221;font_family:Raleway%3A100%2C200%2C300%2Cregular%2C500%2C600%2C700%2C800%2C900|font_style:400%20regular%3A400%3Anormal&#8221;][common_title title=&#8221;&#8221; show_decor=&#8221;true&#8221;][business_accordion tab_id=&#8221;1585664955064-2&#8243;][business_accordion_tab type=&#8221;pixcustom1&#8243; icon_pixcustom1=&#8221;icon_key_alt&#8221; tab_id=&#8221;b14f6875-26bd-7&#8243; title=&#8221;Soluzioni Kit&#8221;]Stazioni di controllo pre-assemblate carrellate pronte all\u2019uso da installare in prossimita\u0300 del varco.<\/p>\n<p>La <strong>soluzione kit<\/strong> ha le seguenti caratteristiche:<\/p>\n<ul class=\"list list-round-check orange-list\">\n<li>Stazione integrata in apposito contenitore progettato per l\u2019uso insieme ad un\u2019unit\u00e0 di registrazione dati<\/li>\n<li>Sistema stand-alone, leggero, dotato di LCD, mini-PC e ruote<\/li>\n<li>Equipaggiato con portale web-based progettato allo scopo<\/li>\n<li>Famiglia di prodotti con performance crescenti in funzione al grado di precisione (fino 0,3\u00b0C), distanza di rilevazione (fino a 9 mt), risoluzione telecamera (336&#215;256 pixel) e la capacit\u00e0 di rilevazione target e accessori (router 4g, scheda Wifi)<\/li>\n<\/ul>\n<p>[\/business_accordion_tab][business_accordion_tab type=&#8221;pixcustom1&#8243; icon_pixcustom1=&#8221;icon_toolbox_alt&#8221; tab_id=&#8221;16f0b02d-0990-2&#8243; title=&#8221;Soluzioni Portatili&#8221;]Telecamere termiche portatili per una rilevazione rapida ed in movimento.<\/p>\n<p>Una soluzione entry level flessibile che permette un <strong>pre-monitoraggio<\/strong> rapido, mobile e senza fili con le seguenti caratteristiche tecniche:<\/p>\n<ul class=\"list list-round-check orange-list\">\n<li>Lettura rapida e intuitiva<\/li>\n<li>Schermo TFT da 2,8\u2019\u2019<\/li>\n<li>Risoluzione termica 160&#215;120 pixels<\/li>\n<li>Opzione con telecamera nel visibile<\/li>\n<li>Accuratezza: +\/- 0.5\u00b0C ad un metro<\/li>\n<li>Acquisizione delle immagini e registrazione su SD card<\/li>\n<li>Software per l\u2019analisi dei dati da PC<\/li>\n<li>Batterie ricaricabili tramite porta USB<\/li>\n<li>Accessori per fissaggio su treppiede<\/li>\n<\/ul>\n<p>[\/business_accordion_tab][\/business_accordion][\/vc_column][\/vc_row]<\/p>\n","protected":false},"excerpt":{"rendered":"<p>[vc_row full_width=&#8221;stretch_row&#8221; css_animation=&#8221;bounceInDown&#8221; gradient_colors=&#8221;%5B%7B%7D%5D&#8221; css=&#8221;.vc_custom_1529503216101{padding-top: 30px !important;padding-bottom: 80px !important;}&#8221;][vc_column][vc_custom_heading text=&#8221;Valutazione dei rischi economici provenienti dal rischio informatico.&#8221; font_container=&#8221;tag:h2|font_size:44px|text_align:center|color:%23000000&#8243; google_fonts=&#8221;font_family:Raleway%3A100%2C200%2C300%2Cregular%2C500%2C600%2C700%2C800%2C900|font_style:400%20regular%3A400%3Anormal&#8221;][common_title title=&#8221;&#8221; show_decor=&#8221;true&#8221;][vc_column_text css_animation=&#8221;fadeInRight&#8221;]Questo servizio \u00e8 stato studiato per poter offrire un\u2019analisi dei rischi economici derivante dai rischi informatici puntuale e basata su criteri oggettivi, correlato alle esigenze di sicurezza, continuit\u00e0 operativa e flessibilit\u00e0 idonea a gestire [&hellip;]<\/p>\n","protected":false},"author":6,"featured_media":15958,"parent":0,"menu_order":0,"comment_status":"closed","ping_status":"closed","template":"","meta":{"footnotes":""},"yoast_head":"<!-- This site is optimized with the Yoast SEO plugin v22.1 - https:\/\/yoast.com\/wordpress\/plugins\/seo\/ -->\n<title>Risk Assessment - Why Security<\/title>\n<meta name=\"robots\" content=\"index, follow, max-snippet:-1, max-image-preview:large, max-video-preview:-1\" \/>\n<link rel=\"canonical\" href=\"https:\/\/www.whysecurity.it\/it\/risk-assessment\/\" \/>\n<meta property=\"og:locale\" content=\"it_IT\" \/>\n<meta property=\"og:type\" content=\"article\" \/>\n<meta property=\"og:title\" content=\"Risk Assessment - Why Security\" \/>\n<meta property=\"og:description\" content=\"[vc_row full_width=&#8221;stretch_row&#8221; css_animation=&#8221;bounceInDown&#8221; gradient_colors=&#8221;%5B%7B%7D%5D&#8221; css=&#8221;.vc_custom_1529503216101{padding-top: 30px !important;padding-bottom: 80px !important;}&#8221;][vc_column][vc_custom_heading text=&#8221;Valutazione dei rischi economici provenienti dal rischio informatico.&#8221; font_container=&#8221;tag:h2|font_size:44px|text_align:center|color:%23000000&#8243; google_fonts=&#8221;font_family:Raleway%3A100%2C200%2C300%2Cregular%2C500%2C600%2C700%2C800%2C900|font_style:400%20regular%3A400%3Anormal&#8221;][common_title title=&#8221;&#8221; show_decor=&#8221;true&#8221;][vc_column_text css_animation=&#8221;fadeInRight&#8221;]Questo servizio \u00e8 stato studiato per poter offrire un\u2019analisi dei rischi economici derivante dai rischi informatici puntuale e basata su criteri oggettivi, correlato alle esigenze di sicurezza, continuit\u00e0 operativa e flessibilit\u00e0 idonea a gestire [&hellip;]\" \/>\n<meta property=\"og:url\" content=\"https:\/\/www.whysecurity.it\/it\/risk-assessment\/\" \/>\n<meta property=\"og:site_name\" content=\"Why Security\" \/>\n<meta property=\"article:modified_time\" content=\"2021-10-25T12:25:54+00:00\" \/>\n<meta property=\"og:image\" content=\"https:\/\/www.whysecurity.it\/wp-content\/uploads\/2021\/09\/iStock-1166272744-e1630580359932-1.jpg\" \/>\n\t<meta property=\"og:image:width\" content=\"1264\" \/>\n\t<meta property=\"og:image:height\" content=\"368\" \/>\n\t<meta property=\"og:image:type\" content=\"image\/jpeg\" \/>\n<meta name=\"twitter:card\" content=\"summary_large_image\" \/>\n<meta name=\"twitter:label1\" content=\"Tempo di lettura stimato\" \/>\n\t<meta name=\"twitter:data1\" content=\"6 minuti\" \/>\n<script type=\"application\/ld+json\" class=\"yoast-schema-graph\">{\"@context\":\"https:\/\/schema.org\",\"@graph\":[{\"@type\":\"WebPage\",\"@id\":\"https:\/\/www.whysecurity.it\/it\/risk-assessment\/\",\"url\":\"https:\/\/www.whysecurity.it\/it\/risk-assessment\/\",\"name\":\"Risk Assessment - Why Security\",\"isPartOf\":{\"@id\":\"https:\/\/www.whysecurity.it\/it\/#website\"},\"datePublished\":\"2021-08-23T13:32:22+00:00\",\"dateModified\":\"2021-10-25T12:25:54+00:00\",\"breadcrumb\":{\"@id\":\"https:\/\/www.whysecurity.it\/it\/risk-assessment\/#breadcrumb\"},\"inLanguage\":\"it-IT\",\"potentialAction\":[{\"@type\":\"ReadAction\",\"target\":[\"https:\/\/www.whysecurity.it\/it\/risk-assessment\/\"]}]},{\"@type\":\"BreadcrumbList\",\"@id\":\"https:\/\/www.whysecurity.it\/it\/risk-assessment\/#breadcrumb\",\"itemListElement\":[{\"@type\":\"ListItem\",\"position\":1,\"name\":\"Home\",\"item\":\"https:\/\/www.whysecurity.it\/it\/\"},{\"@type\":\"ListItem\",\"position\":2,\"name\":\"Risk Assessment\"}]},{\"@type\":\"WebSite\",\"@id\":\"https:\/\/www.whysecurity.it\/it\/#website\",\"url\":\"https:\/\/www.whysecurity.it\/it\/\",\"name\":\"Why Security\",\"description\":\"\",\"potentialAction\":[{\"@type\":\"SearchAction\",\"target\":{\"@type\":\"EntryPoint\",\"urlTemplate\":\"https:\/\/www.whysecurity.it\/it\/?s={search_term_string}\"},\"query-input\":\"required name=search_term_string\"}],\"inLanguage\":\"it-IT\"}]}<\/script>\n<!-- \/ Yoast SEO plugin. -->","yoast_head_json":{"title":"Risk Assessment - Why Security","robots":{"index":"index","follow":"follow","max-snippet":"max-snippet:-1","max-image-preview":"max-image-preview:large","max-video-preview":"max-video-preview:-1"},"canonical":"https:\/\/www.whysecurity.it\/it\/risk-assessment\/","og_locale":"it_IT","og_type":"article","og_title":"Risk Assessment - Why Security","og_description":"[vc_row full_width=&#8221;stretch_row&#8221; css_animation=&#8221;bounceInDown&#8221; gradient_colors=&#8221;%5B%7B%7D%5D&#8221; css=&#8221;.vc_custom_1529503216101{padding-top: 30px !important;padding-bottom: 80px !important;}&#8221;][vc_column][vc_custom_heading text=&#8221;Valutazione dei rischi economici provenienti dal rischio informatico.&#8221; font_container=&#8221;tag:h2|font_size:44px|text_align:center|color:%23000000&#8243; google_fonts=&#8221;font_family:Raleway%3A100%2C200%2C300%2Cregular%2C500%2C600%2C700%2C800%2C900|font_style:400%20regular%3A400%3Anormal&#8221;][common_title title=&#8221;&#8221; show_decor=&#8221;true&#8221;][vc_column_text css_animation=&#8221;fadeInRight&#8221;]Questo servizio \u00e8 stato studiato per poter offrire un\u2019analisi dei rischi economici derivante dai rischi informatici puntuale e basata su criteri oggettivi, correlato alle esigenze di sicurezza, continuit\u00e0 operativa e flessibilit\u00e0 idonea a gestire [&hellip;]","og_url":"https:\/\/www.whysecurity.it\/it\/risk-assessment\/","og_site_name":"Why Security","article_modified_time":"2021-10-25T12:25:54+00:00","og_image":[{"width":1264,"height":368,"url":"https:\/\/www.whysecurity.it\/wp-content\/uploads\/2021\/09\/iStock-1166272744-e1630580359932-1.jpg","type":"image\/jpeg"}],"twitter_card":"summary_large_image","twitter_misc":{"Tempo di lettura stimato":"6 minuti"},"schema":{"@context":"https:\/\/schema.org","@graph":[{"@type":"WebPage","@id":"https:\/\/www.whysecurity.it\/it\/risk-assessment\/","url":"https:\/\/www.whysecurity.it\/it\/risk-assessment\/","name":"Risk Assessment - Why Security","isPartOf":{"@id":"https:\/\/www.whysecurity.it\/it\/#website"},"datePublished":"2021-08-23T13:32:22+00:00","dateModified":"2021-10-25T12:25:54+00:00","breadcrumb":{"@id":"https:\/\/www.whysecurity.it\/it\/risk-assessment\/#breadcrumb"},"inLanguage":"it-IT","potentialAction":[{"@type":"ReadAction","target":["https:\/\/www.whysecurity.it\/it\/risk-assessment\/"]}]},{"@type":"BreadcrumbList","@id":"https:\/\/www.whysecurity.it\/it\/risk-assessment\/#breadcrumb","itemListElement":[{"@type":"ListItem","position":1,"name":"Home","item":"https:\/\/www.whysecurity.it\/it\/"},{"@type":"ListItem","position":2,"name":"Risk Assessment"}]},{"@type":"WebSite","@id":"https:\/\/www.whysecurity.it\/it\/#website","url":"https:\/\/www.whysecurity.it\/it\/","name":"Why Security","description":"","potentialAction":[{"@type":"SearchAction","target":{"@type":"EntryPoint","urlTemplate":"https:\/\/www.whysecurity.it\/it\/?s={search_term_string}"},"query-input":"required name=search_term_string"}],"inLanguage":"it-IT"}]}},"_links":{"self":[{"href":"https:\/\/www.whysecurity.it\/it\/wp-json\/wp\/v2\/pages\/15416"}],"collection":[{"href":"https:\/\/www.whysecurity.it\/it\/wp-json\/wp\/v2\/pages"}],"about":[{"href":"https:\/\/www.whysecurity.it\/it\/wp-json\/wp\/v2\/types\/page"}],"author":[{"embeddable":true,"href":"https:\/\/www.whysecurity.it\/it\/wp-json\/wp\/v2\/users\/6"}],"replies":[{"embeddable":true,"href":"https:\/\/www.whysecurity.it\/it\/wp-json\/wp\/v2\/comments?post=15416"}],"version-history":[{"count":25,"href":"https:\/\/www.whysecurity.it\/it\/wp-json\/wp\/v2\/pages\/15416\/revisions"}],"predecessor-version":[{"id":15900,"href":"https:\/\/www.whysecurity.it\/it\/wp-json\/wp\/v2\/pages\/15416\/revisions\/15900"}],"wp:featuredmedia":[{"embeddable":true,"href":"https:\/\/www.whysecurity.it\/it\/wp-json\/wp\/v2\/media\/15958"}],"wp:attachment":[{"href":"https:\/\/www.whysecurity.it\/it\/wp-json\/wp\/v2\/media?parent=15416"}],"curies":[{"name":"wp","href":"https:\/\/api.w.org\/{rel}","templated":true}]}}