{"id":16280,"date":"2025-02-27T17:12:42","date_gmt":"2025-02-27T16:12:42","guid":{"rendered":"https:\/\/www.whysecurity.it\/?page_id=16280"},"modified":"2025-02-27T17:27:39","modified_gmt":"2025-02-27T16:27:39","slug":"quality-policy","status":"publish","type":"page","link":"https:\/\/www.whysecurity.it\/it\/quality-policy\/","title":{"rendered":"Quality Policy"},"content":{"rendered":"<p>[vc_row][vc_column gradient_colors=&#8221;%5B%7B%7D%5D&#8221; css=&#8221;.vc_custom_1630501541830{padding-bottom: 50px !important;}&#8221;][common_title title=&#8221;WHYSECURITY SRL&#8221; show_decor=&#8221;true&#8221;][vc_column_text]\u00c8 un&#8217;azienda presente sul mercato dal 2013, operante in Italia e all&#8217;estero in progetti di portata internazionale. Con un metodo fondato su scienza e coscienza e con l&#8217;orientamento al risultato, l&#8217;azienda offre un servizio a 360\u00b0 nell&#8217;ambito della sicurezza informatica e cibernetica.<\/p>\n<p>Attraverso una continua attivit\u00e0 di R&amp;D, Whysecurity Srl \u00e8 in grado di proporre soluzioni avanzate nella gestione e mitigazione delle minacce alla Sicurezza delle infrastrutture, delle Informazioni aziendali (sia in private cloud che public cloud), degli Impianti Industriali (OT e IoT).<\/p>\n<p>L\u2019azienda fa parte del Gruppo Security Trust che da oltre 25 anni progetta e realizza soluzione all\u2019avanguardia nel settore della sicurezza, fisica e logica, offrendo un servizio altamente specializzato. Grazie alle sinergie tra le specializzazioni delle quattro aziende del Gruppo, \u00e8 in grado di garantire le migliori tecnologie sul mercato e affrontare progetti complessi ad alto grado di innovazione.<\/p>\n<p>&nbsp;<\/p>\n<p>La Politica per la Qualit\u00e0 dell\u2019azienda \u00e8 focalizzata sul perseguimento della soddisfazione, della fiducia del cliente e sulla piena conformit\u00e0 rispetto alle normative\/leggi cogenti. Per conseguire ci\u00f2, l\u2019organizzazione aziendale si impegna al conseguimento ed al mantenimento di specifici obiettivi che, nel loro complesso, devono determinare il raggiungimento della strategia globale per la qualit\u00e0. In tale contesto essa viene considerata come un mezzo fondamentale per guidare l\u2019azienda al miglioramento delle proprie prestazioni.<\/p>\n<p>&nbsp;<\/p>\n<p>Per rendere possibile ci\u00f2, la politica per la qualit\u00e0 si indirizza specificatamente agli aspetti aziendali necessari per garantirne il successo, e cio\u00e8:<\/p>\n<ul>\n<li>a tutti i processi aziendali per i quali vanno definiti i tipi ed i livelli di miglioramenti futuri, individuandone gli indicatori idonei alla loro gestione;<\/li>\n<li>alla soddisfazione del cliente, definendo il livello atteso e le azioni da intraprendere per il suo raggiungimento;<\/li>\n<li>al personale dell\u2019azienda che, sentendosi parte di una squadra tesa al perseguimento del successo aziendale, deve trovare l\u2019atmosfera e gli stimoli pi\u00f9 opportuni per il suo sviluppo, la sua sicurezza ed il suo appagamento; a fronte di tale impegno, \u00e8 sistematicamente garantito l\u2019investimento costante nella formazione\/aggiornamento del personale;<\/li>\n<li>alle aspettative della propriet\u00e0 in relazione al raggiungimento del livello di ritorno desiderato rispetto alle risorse impegnate;<\/li>\n<li>ai fornitori e partners commerciali onde raggiungere elevati livelli di contributi e collaborazione al fine della crescita comune;<\/li>\n<li>alla gestione delle risorse (finanziarie, infrastrutturali, umane ed ambientali) al fine di garantire un supporto efficace e continuativo per la crescita ed il successo dell\u2019azienda;<\/li>\n<li>al costante collegamento con l\u2019analisi del contesto\/attese e la valutazione dei rischi\/opportunit\u00e0.<\/li>\n<\/ul>\n<p>La nostra missione \u00e8 quella di proteggere le organizzazioni e gli individui dai rischi cibernetici, offrendo soluzioni di sicurezza informatica avanzate e personalizzate che si adattano alle mutevoli minacce digitali. Attraverso l&#8217;innovazione continua, la collaborazione con i nostri clienti e il nostro impegno per l&#8217;eccellenza, ci impegniamo a fornire servizi di altissima qualit\u00e0 che superino le aspettative e promuovano la fiducia nel mondo digitale.<\/p>\n<p>&nbsp;<\/p>\n<p>La Direzione Generale ha scelto la conformit\u00e0 alla norma UNI EN ISO 9001 ed il miglioramento continuo derivante dalla sua applicazione come strumento di gestione per il raggiungimento dei traguardi.<\/p>\n<p>La Direzione Generale esegue i riesami periodici, promuove azioni di miglioramento per il periodo successivo ed accerta la continua idoneit\u00e0 della presente politica con gli obiettivi strategici.<\/p>\n<p>&nbsp;<\/p>\n<p>La Politica per la Qualit\u00e0 \u00e8 resa disponibile e costituisce una linea guida alle persone che operano in nome e per conto di <strong>WHYSECURITY SRL<\/strong>, oltre che rappresentare la carta d&#8217;intenti rivolta a tutte le nostre parti interessate (in particolare clienti, fornitori e partners).<\/p>\n<p>&nbsp;<\/p>\n<p>Novara, l\u00ec 02\/10\/2024\u00a0\u00a0\u00a0\u00a0\u00a0\u00a0\u00a0\u00a0\u00a0\u00a0\u00a0\u00a0\u00a0\u00a0\u00a0\u00a0\u00a0\u00a0\u00a0\u00a0\u00a0\u00a0\u00a0\u00a0\u00a0\u00a0\u00a0\u00a0\u00a0\u00a0\u00a0\u00a0\u00a0\u00a0\u00a0\u00a0\u00a0\u00a0\u00a0\u00a0\u00a0\u00a0\u00a0\u00a0\u00a0\u00a0\u00a0\u00a0\u00a0\u00a0\u00a0\u00a0\u00a0\u00a0\u00a0\u00a0\u00a0\u00a0\u00a0\u00a0\u00a0\u00a0\u00a0\u00a0\u00a0\u00a0\u00a0\u00a0\u00a0\u00a0\u00a0\u00a0\u00a0\u00a0\u00a0\u00a0\u00a0\u00a0\u00a0\u00a0\u00a0\u00a0\u00a0\u00a0\u00a0\u00a0\u00a0\u00a0\u00a0\u00a0\u00a0\u00a0\u00a0\u00a0\u00a0\u00a0\u00a0\u00a0\u00a0\u00a0\u00a0\u00a0\u00a0\u00a0\u00a0\u00a0\u00a0\u00a0\u00a0\u00a0\u00a0\u00a0\u00a0\u00a0\u00a0\u00a0\u00a0 La Direzione Generale[\/vc_column_text][\/vc_column][\/vc_row]<\/p>\n","protected":false},"excerpt":{"rendered":"<p>[vc_row][vc_column gradient_colors=&#8221;%5B%7B%7D%5D&#8221; css=&#8221;.vc_custom_1630501541830{padding-bottom: 50px !important;}&#8221;][common_title title=&#8221;WHYSECURITY SRL&#8221; show_decor=&#8221;true&#8221;][vc_column_text]\u00c8 un&#8217;azienda presente sul mercato dal 2013, operante in Italia e all&#8217;estero in progetti di portata internazionale. Con un metodo fondato su scienza e coscienza e con l&#8217;orientamento al risultato, l&#8217;azienda offre un servizio a 360\u00b0 nell&#8217;ambito della sicurezza informatica e cibernetica. Attraverso una continua attivit\u00e0 di R&amp;D, [&hellip;]<\/p>\n","protected":false},"author":6,"featured_media":15958,"parent":0,"menu_order":0,"comment_status":"closed","ping_status":"closed","template":"","meta":{"footnotes":""},"yoast_head":"<!-- This site is optimized with the Yoast SEO plugin v22.1 - https:\/\/yoast.com\/wordpress\/plugins\/seo\/ -->\n<title>Quality Policy - Why Security<\/title>\n<meta name=\"robots\" content=\"index, follow, max-snippet:-1, max-image-preview:large, max-video-preview:-1\" \/>\n<link rel=\"canonical\" href=\"https:\/\/www.whysecurity.it\/it\/quality-policy\/\" \/>\n<meta property=\"og:locale\" content=\"it_IT\" \/>\n<meta property=\"og:type\" content=\"article\" \/>\n<meta property=\"og:title\" content=\"Quality Policy - Why Security\" \/>\n<meta property=\"og:description\" content=\"[vc_row][vc_column gradient_colors=&#8221;%5B%7B%7D%5D&#8221; css=&#8221;.vc_custom_1630501541830{padding-bottom: 50px !important;}&#8221;][common_title title=&#8221;WHYSECURITY SRL&#8221; show_decor=&#8221;true&#8221;][vc_column_text]\u00c8 un&#8217;azienda presente sul mercato dal 2013, operante in Italia e all&#8217;estero in progetti di portata internazionale. Con un metodo fondato su scienza e coscienza e con l&#8217;orientamento al risultato, l&#8217;azienda offre un servizio a 360\u00b0 nell&#8217;ambito della sicurezza informatica e cibernetica. Attraverso una continua attivit\u00e0 di R&amp;D, [&hellip;]\" \/>\n<meta property=\"og:url\" content=\"https:\/\/www.whysecurity.it\/it\/quality-policy\/\" \/>\n<meta property=\"og:site_name\" content=\"Why Security\" \/>\n<meta property=\"article:modified_time\" content=\"2025-02-27T16:27:39+00:00\" \/>\n<meta property=\"og:image\" content=\"https:\/\/www.whysecurity.it\/wp-content\/uploads\/2021\/09\/iStock-1166272744-e1630580359932-1.jpg\" \/>\n\t<meta property=\"og:image:width\" content=\"1264\" \/>\n\t<meta property=\"og:image:height\" content=\"368\" \/>\n\t<meta property=\"og:image:type\" content=\"image\/jpeg\" \/>\n<meta name=\"twitter:card\" content=\"summary_large_image\" \/>\n<meta name=\"twitter:label1\" content=\"Tempo di lettura stimato\" \/>\n\t<meta name=\"twitter:data1\" content=\"4 minuti\" \/>\n<script type=\"application\/ld+json\" class=\"yoast-schema-graph\">{\"@context\":\"https:\/\/schema.org\",\"@graph\":[{\"@type\":\"WebPage\",\"@id\":\"https:\/\/www.whysecurity.it\/it\/quality-policy\/\",\"url\":\"https:\/\/www.whysecurity.it\/it\/quality-policy\/\",\"name\":\"Quality Policy - Why Security\",\"isPartOf\":{\"@id\":\"https:\/\/www.whysecurity.it\/it\/#website\"},\"datePublished\":\"2025-02-27T16:12:42+00:00\",\"dateModified\":\"2025-02-27T16:27:39+00:00\",\"breadcrumb\":{\"@id\":\"https:\/\/www.whysecurity.it\/it\/quality-policy\/#breadcrumb\"},\"inLanguage\":\"it-IT\",\"potentialAction\":[{\"@type\":\"ReadAction\",\"target\":[\"https:\/\/www.whysecurity.it\/it\/quality-policy\/\"]}]},{\"@type\":\"BreadcrumbList\",\"@id\":\"https:\/\/www.whysecurity.it\/it\/quality-policy\/#breadcrumb\",\"itemListElement\":[{\"@type\":\"ListItem\",\"position\":1,\"name\":\"Home\",\"item\":\"https:\/\/www.whysecurity.it\/it\/\"},{\"@type\":\"ListItem\",\"position\":2,\"name\":\"Quality Policy\"}]},{\"@type\":\"WebSite\",\"@id\":\"https:\/\/www.whysecurity.it\/it\/#website\",\"url\":\"https:\/\/www.whysecurity.it\/it\/\",\"name\":\"Why Security\",\"description\":\"\",\"potentialAction\":[{\"@type\":\"SearchAction\",\"target\":{\"@type\":\"EntryPoint\",\"urlTemplate\":\"https:\/\/www.whysecurity.it\/it\/?s={search_term_string}\"},\"query-input\":\"required name=search_term_string\"}],\"inLanguage\":\"it-IT\"}]}<\/script>\n<!-- \/ Yoast SEO plugin. -->","yoast_head_json":{"title":"Quality Policy - Why Security","robots":{"index":"index","follow":"follow","max-snippet":"max-snippet:-1","max-image-preview":"max-image-preview:large","max-video-preview":"max-video-preview:-1"},"canonical":"https:\/\/www.whysecurity.it\/it\/quality-policy\/","og_locale":"it_IT","og_type":"article","og_title":"Quality Policy - Why Security","og_description":"[vc_row][vc_column gradient_colors=&#8221;%5B%7B%7D%5D&#8221; css=&#8221;.vc_custom_1630501541830{padding-bottom: 50px !important;}&#8221;][common_title title=&#8221;WHYSECURITY SRL&#8221; show_decor=&#8221;true&#8221;][vc_column_text]\u00c8 un&#8217;azienda presente sul mercato dal 2013, operante in Italia e all&#8217;estero in progetti di portata internazionale. Con un metodo fondato su scienza e coscienza e con l&#8217;orientamento al risultato, l&#8217;azienda offre un servizio a 360\u00b0 nell&#8217;ambito della sicurezza informatica e cibernetica. Attraverso una continua attivit\u00e0 di R&amp;D, [&hellip;]","og_url":"https:\/\/www.whysecurity.it\/it\/quality-policy\/","og_site_name":"Why Security","article_modified_time":"2025-02-27T16:27:39+00:00","og_image":[{"width":1264,"height":368,"url":"https:\/\/www.whysecurity.it\/wp-content\/uploads\/2021\/09\/iStock-1166272744-e1630580359932-1.jpg","type":"image\/jpeg"}],"twitter_card":"summary_large_image","twitter_misc":{"Tempo di lettura stimato":"4 minuti"},"schema":{"@context":"https:\/\/schema.org","@graph":[{"@type":"WebPage","@id":"https:\/\/www.whysecurity.it\/it\/quality-policy\/","url":"https:\/\/www.whysecurity.it\/it\/quality-policy\/","name":"Quality Policy - Why Security","isPartOf":{"@id":"https:\/\/www.whysecurity.it\/it\/#website"},"datePublished":"2025-02-27T16:12:42+00:00","dateModified":"2025-02-27T16:27:39+00:00","breadcrumb":{"@id":"https:\/\/www.whysecurity.it\/it\/quality-policy\/#breadcrumb"},"inLanguage":"it-IT","potentialAction":[{"@type":"ReadAction","target":["https:\/\/www.whysecurity.it\/it\/quality-policy\/"]}]},{"@type":"BreadcrumbList","@id":"https:\/\/www.whysecurity.it\/it\/quality-policy\/#breadcrumb","itemListElement":[{"@type":"ListItem","position":1,"name":"Home","item":"https:\/\/www.whysecurity.it\/it\/"},{"@type":"ListItem","position":2,"name":"Quality Policy"}]},{"@type":"WebSite","@id":"https:\/\/www.whysecurity.it\/it\/#website","url":"https:\/\/www.whysecurity.it\/it\/","name":"Why Security","description":"","potentialAction":[{"@type":"SearchAction","target":{"@type":"EntryPoint","urlTemplate":"https:\/\/www.whysecurity.it\/it\/?s={search_term_string}"},"query-input":"required name=search_term_string"}],"inLanguage":"it-IT"}]}},"_links":{"self":[{"href":"https:\/\/www.whysecurity.it\/it\/wp-json\/wp\/v2\/pages\/16280"}],"collection":[{"href":"https:\/\/www.whysecurity.it\/it\/wp-json\/wp\/v2\/pages"}],"about":[{"href":"https:\/\/www.whysecurity.it\/it\/wp-json\/wp\/v2\/types\/page"}],"author":[{"embeddable":true,"href":"https:\/\/www.whysecurity.it\/it\/wp-json\/wp\/v2\/users\/6"}],"replies":[{"embeddable":true,"href":"https:\/\/www.whysecurity.it\/it\/wp-json\/wp\/v2\/comments?post=16280"}],"version-history":[{"count":3,"href":"https:\/\/www.whysecurity.it\/it\/wp-json\/wp\/v2\/pages\/16280\/revisions"}],"predecessor-version":[{"id":16289,"href":"https:\/\/www.whysecurity.it\/it\/wp-json\/wp\/v2\/pages\/16280\/revisions\/16289"}],"wp:featuredmedia":[{"embeddable":true,"href":"https:\/\/www.whysecurity.it\/it\/wp-json\/wp\/v2\/media\/15958"}],"wp:attachment":[{"href":"https:\/\/www.whysecurity.it\/it\/wp-json\/wp\/v2\/media?parent=16280"}],"curies":[{"name":"wp","href":"https:\/\/api.w.org\/{rel}","templated":true}]}}